{"id":773,"date":"2025-06-17T10:55:02","date_gmt":"2025-06-17T10:55:02","guid":{"rendered":"https:\/\/sklep.misalti.com\/?post_type=product&#038;p=773"},"modified":"2025-08-29T11:26:15","modified_gmt":"2025-08-29T11:26:15","slug":"mlynek-pojemnik-do-soli","status":"publish","type":"product","link":"https:\/\/sklep.misalti.com\/index.php\/produkt\/mlynek-pojemnik-do-soli\/","title":{"rendered":"M\u0142ynek\/pojemnik do soli"},"content":{"rendered":"","protected":false},"excerpt":{"rendered":"<p><strong data-start=\"73\" data-end=\"110\">M\u0142ynek\/pojemnik do soli<\/strong><\/p>\n<p>Wymienny m\u0142ynek to praktyczne uzupe\u0142nienie, kt\u00f3re pozwala rozszerzy\u0107 zestaw o dodatkow\u0105 smakow\u0105 s\u00f3l. Pasuje idealnie do bazy urz\u0105dzenia, umo\u017cliwiaj\u0105c szybkie podmiany pojemnik\u00f3w z r\u00f3\u017cnymi przyprawami. Solidny, \u0142atwy w obs\u0142udze i czyszczeniu \u2014 idealny dla tych, kt\u00f3rzy lubi\u0105 mie\u0107 wi\u0119cej smak\u00f3w pod r\u0119k\u0105.<\/p>\n","protected":false},"featured_media":774,"comment_status":"open","ping_status":"closed","template":"","meta":[],"product_brand":[56],"product_cat":[32],"product_tag":[65,62,25,23,63,66],"class_list":{"0":"post-773","1":"product","2":"type-product","3":"status-publish","4":"has-post-thumbnail","6":"product_brand-misalti","7":"product_cat-pakiety","8":"product_tag-pojemnik","9":"product_tag-prezent","10":"product_tag-przyprawa","11":"product_tag-sol","12":"product_tag-upominek","13":"product_tag-uzupelnienie","15":"first","16":"instock","17":"taxable","18":"shipping-taxable","19":"purchasable","20":"product-type-simple"},"jetpack_sharing_enabled":true,"_links":{"self":[{"href":"https:\/\/sklep.misalti.com\/index.php\/wp-json\/wp\/v2\/product\/773","targetHints":{"allow":["GET"]}}],"collection":[{"href":"https:\/\/sklep.misalti.com\/index.php\/wp-json\/wp\/v2\/product"}],"about":[{"href":"https:\/\/sklep.misalti.com\/index.php\/wp-json\/wp\/v2\/types\/product"}],"replies":[{"embeddable":true,"href":"https:\/\/sklep.misalti.com\/index.php\/wp-json\/wp\/v2\/comments?post=773"}],"wp:featuredmedia":[{"embeddable":true,"href":"https:\/\/sklep.misalti.com\/index.php\/wp-json\/wp\/v2\/media\/774"}],"wp:attachment":[{"href":"https:\/\/sklep.misalti.com\/index.php\/wp-json\/wp\/v2\/media?parent=773"}],"wp:term":[{"taxonomy":"product_brand","embeddable":true,"href":"https:\/\/sklep.misalti.com\/index.php\/wp-json\/wp\/v2\/product_brand?post=773"},{"taxonomy":"product_cat","embeddable":true,"href":"https:\/\/sklep.misalti.com\/index.php\/wp-json\/wp\/v2\/product_cat?post=773"},{"taxonomy":"product_tag","embeddable":true,"href":"https:\/\/sklep.misalti.com\/index.php\/wp-json\/wp\/v2\/product_tag?post=773"}],"curies":[{"name":"wp","href":"https:\/\/api.w.org\/{rel}","templated":true}]}}