{"id":770,"date":"2025-06-17T10:44:52","date_gmt":"2025-06-17T10:44:52","guid":{"rendered":"https:\/\/sklep.misalti.com\/?post_type=product&#038;p=770"},"modified":"2025-08-29T11:25:52","modified_gmt":"2025-08-29T11:25:52","slug":"zestaw-3-mlynkow","status":"publish","type":"product","link":"https:\/\/sklep.misalti.com\/index.php\/produkt\/zestaw-3-mlynkow\/","title":{"rendered":"Zestaw 3 m\u0142ynk\u00f3w"},"content":{"rendered":"","protected":false},"excerpt":{"rendered":"<p><strong data-start=\"73\" data-end=\"110\">MISALTI \u2013 zestaw m\u0142ynk\u00f3w\u00a0<\/strong><\/p>\n<p>Zestaw 3 elektrycznych m\u0142ynk\u00f3w\u00a0 \u0142\u0105czy wygod\u0119 i funkcjonalno\u015b\u0107. Dzi\u0119ki nim \u0142atwo i szybko zmielisz s\u00f3l smakow\u0105 Misalti, zachowuj\u0105c jej pe\u0142ni\u0119 smaku i aromatu. M\u0142ynki s\u0105 proste w obs\u0142udze, trwa\u0142e i \u0142atwe do utrzymania w czysto\u015bci, co sprawia, \u017ce sprawdz\u0105 si\u0119 w ka\u017cdej kuchni.<\/p>\n","protected":false},"featured_media":772,"comment_status":"open","ping_status":"closed","template":"","meta":[],"product_brand":[56],"product_cat":[32],"product_tag":[62,25,23,63],"class_list":{"0":"post-770","1":"product","2":"type-product","3":"status-publish","4":"has-post-thumbnail","6":"product_brand-misalti","7":"product_cat-pakiety","8":"product_tag-prezent","9":"product_tag-przyprawa","10":"product_tag-sol","11":"product_tag-upominek","13":"first","14":"instock","15":"taxable","16":"shipping-taxable","17":"purchasable","18":"product-type-simple"},"jetpack_sharing_enabled":true,"_links":{"self":[{"href":"https:\/\/sklep.misalti.com\/index.php\/wp-json\/wp\/v2\/product\/770","targetHints":{"allow":["GET"]}}],"collection":[{"href":"https:\/\/sklep.misalti.com\/index.php\/wp-json\/wp\/v2\/product"}],"about":[{"href":"https:\/\/sklep.misalti.com\/index.php\/wp-json\/wp\/v2\/types\/product"}],"replies":[{"embeddable":true,"href":"https:\/\/sklep.misalti.com\/index.php\/wp-json\/wp\/v2\/comments?post=770"}],"wp:featuredmedia":[{"embeddable":true,"href":"https:\/\/sklep.misalti.com\/index.php\/wp-json\/wp\/v2\/media\/772"}],"wp:attachment":[{"href":"https:\/\/sklep.misalti.com\/index.php\/wp-json\/wp\/v2\/media?parent=770"}],"wp:term":[{"taxonomy":"product_brand","embeddable":true,"href":"https:\/\/sklep.misalti.com\/index.php\/wp-json\/wp\/v2\/product_brand?post=770"},{"taxonomy":"product_cat","embeddable":true,"href":"https:\/\/sklep.misalti.com\/index.php\/wp-json\/wp\/v2\/product_cat?post=770"},{"taxonomy":"product_tag","embeddable":true,"href":"https:\/\/sklep.misalti.com\/index.php\/wp-json\/wp\/v2\/product_tag?post=770"}],"curies":[{"name":"wp","href":"https:\/\/api.w.org\/{rel}","templated":true}]}}