{"id":764,"date":"2025-06-17T08:22:09","date_gmt":"2025-06-17T08:22:09","guid":{"rendered":"https:\/\/sklep.misalti.com\/?post_type=product&#038;p=764"},"modified":"2025-06-17T10:02:07","modified_gmt":"2025-06-17T10:02:07","slug":"zestaw-3-mlynkowpakiet-okazjonalny-2x28g","status":"publish","type":"product","link":"https:\/\/sklep.misalti.com\/index.php\/produkt\/zestaw-3-mlynkowpakiet-okazjonalny-2x28g\/","title":{"rendered":"Zestaw 3 m\u0142ynk\u00f3w+Pakiet okazjonalny 2x85g"},"content":{"rendered":"","protected":false},"excerpt":{"rendered":"<p><strong data-start=\"73\" data-end=\"110\">MISALTI \u2013 zestaw m\u0142ynk\u00f3w z solami<\/strong><br data-start=\"110\" data-end=\"113\" \/>3 m\u0142ynki w pakiecie z zestawem 2 naturalnych soli w eko pude\u0142ku prezentowym.<br data-start=\"189\" data-end=\"192\" data-is-only-node=\"\" \/>Ca\u0142o\u015b\u0107 to praktyczny i stylowy zestaw \u2013 idealny na prezent i do codziennego u\u017cytku.<\/p>\n","protected":false},"featured_media":766,"comment_status":"open","ping_status":"closed","template":"","meta":[],"product_brand":[56],"product_cat":[32],"product_tag":[62,25,23,63],"class_list":{"0":"post-764","1":"product","2":"type-product","3":"status-publish","4":"has-post-thumbnail","6":"product_brand-misalti","7":"product_cat-pakiety","8":"product_tag-prezent","9":"product_tag-przyprawa","10":"product_tag-sol","11":"product_tag-upominek","13":"first","14":"instock","15":"taxable","16":"shipping-taxable","17":"purchasable","18":"product-type-simple"},"jetpack_sharing_enabled":true,"_links":{"self":[{"href":"https:\/\/sklep.misalti.com\/index.php\/wp-json\/wp\/v2\/product\/764","targetHints":{"allow":["GET"]}}],"collection":[{"href":"https:\/\/sklep.misalti.com\/index.php\/wp-json\/wp\/v2\/product"}],"about":[{"href":"https:\/\/sklep.misalti.com\/index.php\/wp-json\/wp\/v2\/types\/product"}],"replies":[{"embeddable":true,"href":"https:\/\/sklep.misalti.com\/index.php\/wp-json\/wp\/v2\/comments?post=764"}],"wp:featuredmedia":[{"embeddable":true,"href":"https:\/\/sklep.misalti.com\/index.php\/wp-json\/wp\/v2\/media\/766"}],"wp:attachment":[{"href":"https:\/\/sklep.misalti.com\/index.php\/wp-json\/wp\/v2\/media?parent=764"}],"wp:term":[{"taxonomy":"product_brand","embeddable":true,"href":"https:\/\/sklep.misalti.com\/index.php\/wp-json\/wp\/v2\/product_brand?post=764"},{"taxonomy":"product_cat","embeddable":true,"href":"https:\/\/sklep.misalti.com\/index.php\/wp-json\/wp\/v2\/product_cat?post=764"},{"taxonomy":"product_tag","embeddable":true,"href":"https:\/\/sklep.misalti.com\/index.php\/wp-json\/wp\/v2\/product_tag?post=764"}],"curies":[{"name":"wp","href":"https:\/\/api.w.org\/{rel}","templated":true}]}}