{"id":671,"date":"2025-05-29T10:42:42","date_gmt":"2025-05-29T10:42:42","guid":{"rendered":"https:\/\/sklep.misalti.com\/?post_type=product&#038;p=671"},"modified":"2025-06-04T11:54:47","modified_gmt":"2025-06-04T11:54:47","slug":"pakiet-okazjonalny-2x85g","status":"publish","type":"product","link":"https:\/\/sklep.misalti.com\/index.php\/produkt\/pakiet-okazjonalny-2x85g\/","title":{"rendered":"Pakiet okazjonalny 2x85g"},"content":{"rendered":"<p>Zestaw dw\u00f3ch naturalnych soli smakowych w ekologicznym opakowaniu. Zawiera dowolnie wybrane smaki soli z polskiej kopalni \u2013 mo\u017cliwo\u015b\u0107 samodzielnego skomponowania zestawu wed\u0142ug preferencji. Ca\u0142o\u015b\u0107 pakowana w estetyczne, przyjazne \u015brodowisku pude\u0142ko. Praktyczne rozwi\u0105zanie na prezent lub do codziennego u\u017cytku w kuchni.<\/p>\n","protected":false},"excerpt":{"rendered":"<p>Zestaw dw\u00f3ch naturalnych soli smakowych<\/p>\n","protected":false},"featured_media":721,"comment_status":"open","ping_status":"closed","template":"","meta":[],"product_brand":[56],"product_cat":[32],"product_tag":[62,25,23,63],"class_list":{"0":"post-671","1":"product","2":"type-product","3":"status-publish","4":"has-post-thumbnail","6":"product_brand-misalti","7":"product_cat-pakiety","8":"product_tag-prezent","9":"product_tag-przyprawa","10":"product_tag-sol","11":"product_tag-upominek","13":"first","14":"instock","15":"taxable","16":"shipping-taxable","17":"purchasable","18":"product-type-simple"},"jetpack_sharing_enabled":true,"_links":{"self":[{"href":"https:\/\/sklep.misalti.com\/index.php\/wp-json\/wp\/v2\/product\/671","targetHints":{"allow":["GET"]}}],"collection":[{"href":"https:\/\/sklep.misalti.com\/index.php\/wp-json\/wp\/v2\/product"}],"about":[{"href":"https:\/\/sklep.misalti.com\/index.php\/wp-json\/wp\/v2\/types\/product"}],"replies":[{"embeddable":true,"href":"https:\/\/sklep.misalti.com\/index.php\/wp-json\/wp\/v2\/comments?post=671"}],"wp:featuredmedia":[{"embeddable":true,"href":"https:\/\/sklep.misalti.com\/index.php\/wp-json\/wp\/v2\/media\/721"}],"wp:attachment":[{"href":"https:\/\/sklep.misalti.com\/index.php\/wp-json\/wp\/v2\/media?parent=671"}],"wp:term":[{"taxonomy":"product_brand","embeddable":true,"href":"https:\/\/sklep.misalti.com\/index.php\/wp-json\/wp\/v2\/product_brand?post=671"},{"taxonomy":"product_cat","embeddable":true,"href":"https:\/\/sklep.misalti.com\/index.php\/wp-json\/wp\/v2\/product_cat?post=671"},{"taxonomy":"product_tag","embeddable":true,"href":"https:\/\/sklep.misalti.com\/index.php\/wp-json\/wp\/v2\/product_tag?post=671"}],"curies":[{"name":"wp","href":"https:\/\/api.w.org\/{rel}","templated":true}]}}