{"id":656,"date":"2025-05-29T08:59:06","date_gmt":"2025-05-29T08:59:06","guid":{"rendered":"https:\/\/sklep.misalti.com\/?post_type=product&#038;p=656"},"modified":"2025-06-04T11:59:20","modified_gmt":"2025-06-04T11:59:20","slug":"paluszki","status":"publish","type":"product","link":"https:\/\/sklep.misalti.com\/index.php\/produkt\/paluszki\/","title":{"rendered":"Paluszki"},"content":{"rendered":"<p>Paluszki Misalti to po\u0142\u0105czenie wyrazistych przypraw i naturalnej soli kamiennej z polskich z\u0142\u00f3\u017c. Wypiekane na chrupko, by wydoby\u0107 pe\u0142ni\u0119 smaku z naturalnych przypraw i soli kamiennej<br \/>\n<strong>Czosnkowe<\/strong> \u2013 g\u0142\u0119boki, aromatyczny smak czosnku podkre\u015blony delikatn\u0105 nut\u0105 soli kamiennej.<br \/>\n<strong>Tymianek, oregano &amp; cebula<\/strong> \u2013 zio\u0142owa mieszanka z\u00a0 cebul\u0105, kt\u00f3ra nadaje paluszkom wyj\u0105tkow\u0105 pe\u0142ni\u0119 smaku.<br \/>\n<strong>Ostra papryka<\/strong> \u2013 pikantna, ale zbalansowana \u2013 dla fan\u00f3w ognistych przek\u0105sek z naturaln\u0105 ostro\u015bci\u0105.<br \/>\nWyj\u0105tkowy smak. Polskie pochodzenie.<\/p>\n","protected":false},"excerpt":{"rendered":"<p>Paluszki Misalti z naturaln\u0105 sol\u0105 smakow\u0105<\/p>\n","protected":false},"featured_media":723,"comment_status":"open","ping_status":"closed","template":"","meta":[],"product_brand":[56],"product_cat":[37],"product_tag":[49,54,50,27,23,24],"class_list":{"0":"post-656","1":"product","2":"type-product","3":"status-publish","4":"has-post-thumbnail","6":"product_brand-misalti","7":"product_cat-paluszki","8":"product_tag-cebula","9":"product_tag-czosnek","10":"product_tag-oregano","11":"product_tag-papryka","12":"product_tag-sol","13":"product_tag-tymianek","15":"first","16":"instock","17":"taxable","18":"shipping-taxable","19":"purchasable","20":"product-type-variable"},"jetpack_sharing_enabled":true,"_links":{"self":[{"href":"https:\/\/sklep.misalti.com\/index.php\/wp-json\/wp\/v2\/product\/656","targetHints":{"allow":["GET"]}}],"collection":[{"href":"https:\/\/sklep.misalti.com\/index.php\/wp-json\/wp\/v2\/product"}],"about":[{"href":"https:\/\/sklep.misalti.com\/index.php\/wp-json\/wp\/v2\/types\/product"}],"replies":[{"embeddable":true,"href":"https:\/\/sklep.misalti.com\/index.php\/wp-json\/wp\/v2\/comments?post=656"}],"wp:featuredmedia":[{"embeddable":true,"href":"https:\/\/sklep.misalti.com\/index.php\/wp-json\/wp\/v2\/media\/723"}],"wp:attachment":[{"href":"https:\/\/sklep.misalti.com\/index.php\/wp-json\/wp\/v2\/media?parent=656"}],"wp:term":[{"taxonomy":"product_brand","embeddable":true,"href":"https:\/\/sklep.misalti.com\/index.php\/wp-json\/wp\/v2\/product_brand?post=656"},{"taxonomy":"product_cat","embeddable":true,"href":"https:\/\/sklep.misalti.com\/index.php\/wp-json\/wp\/v2\/product_cat?post=656"},{"taxonomy":"product_tag","embeddable":true,"href":"https:\/\/sklep.misalti.com\/index.php\/wp-json\/wp\/v2\/product_tag?post=656"}],"curies":[{"name":"wp","href":"https:\/\/api.w.org\/{rel}","templated":true}]}}