{"id":600,"date":"2025-05-28T10:59:18","date_gmt":"2025-05-28T10:59:18","guid":{"rendered":"https:\/\/sklep.misalti.com\/?post_type=product&#038;p=600"},"modified":"2026-02-17T09:38:23","modified_gmt":"2026-02-17T09:38:23","slug":"sol-paprykowa-ostra","status":"publish","type":"product","link":"https:\/\/sklep.misalti.com\/index.php\/produkt\/sol-paprykowa-ostra\/","title":{"rendered":"S\u00f3l paprykowa ostra"},"content":{"rendered":"<p>Granulat solny zawieraj\u0105cy kompozycj\u0119 naturalnie sproszkowanych przypraw. Produkowany z 100% soli kamiennej z naturalnie wyst\u0119puj\u0105cymi pierwiastkami oraz sproszkowan\u0105\u00a0 ostr\u0105 papryk\u0105.<\/p>\n","protected":false},"excerpt":{"rendered":"<p>Naturalna s\u00f3l kamienna z dodatkiem ostrych p\u0142atk\u00f3w papryki, idealna do da\u0144 wymagaj\u0105cych pikanterii.<\/p>\n","protected":false},"featured_media":711,"comment_status":"open","ping_status":"closed","template":"","meta":[],"product_brand":[56],"product_cat":[36],"product_tag":[49,23],"class_list":{"0":"post-600","1":"product","2":"type-product","3":"status-publish","4":"has-post-thumbnail","6":"product_brand-misalti","7":"product_cat-sole","8":"product_tag-cebula","9":"product_tag-sol","11":"first","12":"instock","13":"taxable","14":"shipping-taxable","15":"purchasable","16":"product-type-variable"},"jetpack_sharing_enabled":true,"_links":{"self":[{"href":"https:\/\/sklep.misalti.com\/index.php\/wp-json\/wp\/v2\/product\/600","targetHints":{"allow":["GET"]}}],"collection":[{"href":"https:\/\/sklep.misalti.com\/index.php\/wp-json\/wp\/v2\/product"}],"about":[{"href":"https:\/\/sklep.misalti.com\/index.php\/wp-json\/wp\/v2\/types\/product"}],"replies":[{"embeddable":true,"href":"https:\/\/sklep.misalti.com\/index.php\/wp-json\/wp\/v2\/comments?post=600"}],"wp:featuredmedia":[{"embeddable":true,"href":"https:\/\/sklep.misalti.com\/index.php\/wp-json\/wp\/v2\/media\/711"}],"wp:attachment":[{"href":"https:\/\/sklep.misalti.com\/index.php\/wp-json\/wp\/v2\/media?parent=600"}],"wp:term":[{"taxonomy":"product_brand","embeddable":true,"href":"https:\/\/sklep.misalti.com\/index.php\/wp-json\/wp\/v2\/product_brand?post=600"},{"taxonomy":"product_cat","embeddable":true,"href":"https:\/\/sklep.misalti.com\/index.php\/wp-json\/wp\/v2\/product_cat?post=600"},{"taxonomy":"product_tag","embeddable":true,"href":"https:\/\/sklep.misalti.com\/index.php\/wp-json\/wp\/v2\/product_tag?post=600"}],"curies":[{"name":"wp","href":"https:\/\/api.w.org\/{rel}","templated":true}]}}