{"id":267,"date":"2025-05-20T08:11:23","date_gmt":"2025-05-20T08:11:23","guid":{"rendered":"https:\/\/sklep.misalti.com\/?post_type=product&#038;p=267"},"modified":"2025-06-04T11:55:41","modified_gmt":"2025-06-04T11:55:41","slug":"pakiet-okazjonalny-4x85g","status":"publish","type":"product","link":"https:\/\/sklep.misalti.com\/index.php\/produkt\/pakiet-okazjonalny-4x85g\/","title":{"rendered":"Pakiet okazjonalny 4x85g"},"content":{"rendered":"<p>Zestaw czterech naturalnych soli smakowych w ekologicznym opakowaniu. Zawiera dowolnie wybrane smaki soli z polskiej kopalni \u2013 mo\u017cliwo\u015b\u0107 samodzielnego skomponowania zestawu wed\u0142ug preferencji. Ca\u0142o\u015b\u0107 pakowana w estetyczne, przyjazne \u015brodowisku pude\u0142ko. Praktyczne rozwi\u0105zanie na prezent lub do codziennego u\u017cytku w kuchni.<\/p>\n","protected":false},"excerpt":{"rendered":"<p>Zestaw czterech naturalnych soli smakowych<\/p>\n","protected":false},"featured_media":722,"comment_status":"open","ping_status":"closed","template":"","meta":[],"product_brand":[],"product_cat":[32],"product_tag":[62,25,23,63],"class_list":{"0":"post-267","1":"product","2":"type-product","3":"status-publish","4":"has-post-thumbnail","6":"product_cat-pakiety","7":"product_tag-prezent","8":"product_tag-przyprawa","9":"product_tag-sol","10":"product_tag-upominek","12":"first","13":"instock","14":"taxable","15":"shipping-taxable","16":"purchasable","17":"product-type-simple"},"jetpack_sharing_enabled":true,"_links":{"self":[{"href":"https:\/\/sklep.misalti.com\/index.php\/wp-json\/wp\/v2\/product\/267","targetHints":{"allow":["GET"]}}],"collection":[{"href":"https:\/\/sklep.misalti.com\/index.php\/wp-json\/wp\/v2\/product"}],"about":[{"href":"https:\/\/sklep.misalti.com\/index.php\/wp-json\/wp\/v2\/types\/product"}],"replies":[{"embeddable":true,"href":"https:\/\/sklep.misalti.com\/index.php\/wp-json\/wp\/v2\/comments?post=267"}],"wp:featuredmedia":[{"embeddable":true,"href":"https:\/\/sklep.misalti.com\/index.php\/wp-json\/wp\/v2\/media\/722"}],"wp:attachment":[{"href":"https:\/\/sklep.misalti.com\/index.php\/wp-json\/wp\/v2\/media?parent=267"}],"wp:term":[{"taxonomy":"product_brand","embeddable":true,"href":"https:\/\/sklep.misalti.com\/index.php\/wp-json\/wp\/v2\/product_brand?post=267"},{"taxonomy":"product_cat","embeddable":true,"href":"https:\/\/sklep.misalti.com\/index.php\/wp-json\/wp\/v2\/product_cat?post=267"},{"taxonomy":"product_tag","embeddable":true,"href":"https:\/\/sklep.misalti.com\/index.php\/wp-json\/wp\/v2\/product_tag?post=267"}],"curies":[{"name":"wp","href":"https:\/\/api.w.org\/{rel}","templated":true}]}}