{"id":184,"date":"2025-05-17T14:10:13","date_gmt":"2025-05-17T14:10:13","guid":{"rendered":"http:\/\/sklep.misalti.com\/?page_id=184"},"modified":"2025-05-20T12:07:18","modified_gmt":"2025-05-20T12:07:18","slug":"polityka-prywatnosci-2","status":"publish","type":"page","link":"https:\/\/sklep.misalti.com\/index.php\/polityka-prywatnosci-2\/","title":{"rendered":"Polityka prywatno\u015bci"},"content":{"rendered":"\n<h2 class=\"wp-block-heading\">Misalti sp. z o.o.<\/h2>\n\n\n\n<p>Polityka prywatno\u015bci spe\u0142nia wymogi wynikaj\u0105ce z Rozporz\u0105dzenia Parlamentu Europejskiego i Rady (UE) 2016\/679 z 27 kwietnia 2016 roku w sprawie ochrony os\u00f3b fizycznych w zwi\u0105zku z przetwarzaniem danych osobowych i w sprawie swobodnego przep\u0142ywu takich danych oraz uchylenia dyrektywy 95\/46\/WE (og\u00f3lne rozporz\u0105dzenie o ochronie danych), zwane RODO.<\/p>\n\n\n\n<p><strong>Administrator<\/strong><\/p>\n\n\n\n<p>Administratorem danych osobowych, jest Misalti sp. z o.o. z siedzib\u0105 w Gnie\u017anie, pod adresem ul. Pozna\u0144ska 72, 62-200 Gniezno, NIP 7842540479, REGON 52800098800000, KRS 0001092600.<\/p>\n\n\n\n<p>Z Administratorem mo\u017ce Pani\/Pan skontaktowa\u0107 si\u0119 w nast\u0119puj\u0105cy spos\u00f3b: przesy\u0142aj\u0105c mail na adres&nbsp;&nbsp;<a href=\"mailto:biuro@misalti.com\">biuro@misalti.com<\/a>, dzwoni\u0105c pod numer <a href=\"tel:+48792222790\">+48 792 222 790<\/a> lub wysy\u0142aj\u0105c list (najlepiej z dopiskiem \u201eDane Osobowe\u201d) na adres Misalti sp. z o.o. ul. Pozna\u0144ska 72, 62-200 Gniezno.<\/p>\n\n\n\n<p>Poprawno\u015b\u0107 przetwarzania danych osobowych w Misalti sp. z o.o. nadzoruje Inspektor Ochrony Danych, z kt\u00f3rym mo\u017cna kontaktowa\u0107 si\u0119 we wszystkich sprawach zwi\u0105zanych z przetwarzaniem Pani\/Pana danych przesy\u0142aj\u0105c mail na adres <a href=\"mailto:iodo@misalti.com\">iodo@misalti.com<\/a>, dzwoni\u0105c pod numer <a href=\"tel:+48792222790\">+48 792 222 790<\/a> lub wysy\u0142aj\u0105c list (najlepiej z dopiskiem \u201eDane Osobowe\u201d) na adres Misalti sp. z o.o. ul. Pozna\u0144ska 72, 62-200 Gniezno.<\/p>\n\n\n\n<p><strong>Cel i podstawa prawna przetwarzania danych osobowych<\/strong><\/p>\n\n\n\n<p>Dokonywanie zakupu bez rejestracji lub logowania w sklepie internetowym<\/p>\n\n\n\n<p>Dane osobowe, kt\u00f3re Pani\/Pan podaje dokonuj\u0105c zakupu w Sklepie Internetowym, tj. imi\u0119, nazwisko, adres dor\u0119czenia przesy\u0142ki, adres poczty elektronicznej, numer telefonu, nazwa firmy, (je\u015bli dokonuje Pani\/Pan zakupu na potrzeby firmy) numer NIP, (je\u015bli dokonuje Pani\/Pan zakupu na potrzeby firmy) przetwarzane s\u0105:<\/p>\n\n\n\n<p>\u2013 w zakresie niezb\u0119dnym do nawi\u0105zania, ukszta\u0142towania tre\u015bci, zmiany, rozwi\u0105zania i prawid\u0142owej realizacji us\u0142ug \u015bwiadczonych drog\u0105 elektroniczn\u0105;<\/p>\n\n\n\n<p>\u2013 w celu realizacji sk\u0142adanych przez Pani\u0105\/Pana zam\u00f3wie\u0144 na produkty znajduj\u0105ce si\u0119 w asortymencie Sklepu Internetowego;<\/p>\n\n\n\n<p>\u2013 w celu rozpatrywania sk\u0142adanych przez Pani\u0105\/Pana reklamacji oraz zwrotu \u015bwiadcze\u0144 w przypadku odst\u0105pienia od umowy (zwrotu towaru);<\/p>\n\n\n\n<p>\u2013 w celu obs\u0142ugi innych zg\u0142osze\u0144 lub zapyta\u0144, kt\u00f3re mo\u017cesz do nas kierowa\u0107.<\/p>\n\n\n\n<p><strong>Rejestracja w sklepie internetowym<\/strong><\/p>\n\n\n\n<p>Dane osobowe, kt\u00f3re Pani\/Pan podaje dokonuj\u0105c zakupu w Sklepie Internetowym, tj. imi\u0119, nazwisko, adres dor\u0119czenia przesy\u0142ki, adres poczty elektronicznej, numer telefonu, nazwa firmy, (je\u015bli dokonuje Pani\/Pan zakupu na potrzeby firmy) numer NIP, (je\u015bli dokonuje Pani\/Pan zakupu na potrzeby firmy) przetwarzane s\u0105:<\/p>\n\n\n\n<p>\u2013 w celu obs\u0142ugi i zapewnienia dzia\u0142ania Pani\/Pana konta u\u017cytkownika w Sklepie Internetowym Misalti sp. z o.o.;<\/p>\n\n\n\n<p>\u2013 w zakresie niezb\u0119dnym do nawi\u0105zania, ukszta\u0142towania tre\u015bci, zmiany, rozwi\u0105zania i prawid\u0142owej realizacji us\u0142ug \u015bwiadczonych drog\u0105 elektroniczn\u0105;<\/p>\n\n\n\n<p>\u2013 w celu realizacji sk\u0142adanych przez Pani\u0105\/Pana zam\u00f3wie\u0144 na produkty znajduj\u0105ce si\u0119 w asortymencie Sklepu Internetowego;<\/p>\n\n\n\n<p>\u2013 w celu rozpatrywania sk\u0142adanych przez Pani\u0105\/Pana reklamacji oraz zwrotu \u015bwiadcze\u0144 w przypadku odst\u0105pienia od umowy (zwrotu towaru);<\/p>\n\n\n\n<p>\u2013 w celu obs\u0142ugi innych zg\u0142osze\u0144 lub zapyta\u0144, kt\u00f3re mo\u017cesz do nas kierowa\u0107.<\/p>\n\n\n\n<p><strong>Newsletter<\/strong><\/p>\n\n\n\n<p>Dane osobowe, kt\u00f3re nam Pani\/Pan powierza rejestruj\u0105c si\u0119, jako odbiorca Newslettera na stronie internetowej <a href=\"http:\/\/www.sklep.misalti.com\">www.sklep.misalti.com<\/a>, tj. Pani\/Pana adres poczty elektronicznej, przetwarzane s\u0105 w celu wykonania umowy dotycz\u0105cej dostarczania Newslettera.<\/p>\n\n\n\n<p><strong>Jakie rodzaje informacji na Pani\/Pana temat zbiera Misalti sp. z o.o. i w jaki spos\u00f3b te informacje wykorzystuje?<\/strong><\/p>\n\n\n\n<p>Zbieramy i wykorzystujemy Pani\/Pana dane, aby informowa\u0107 Pani\u0105\/Pana o produktach, us\u0142ugach i promocjach, a tak\u017ce po to, by umo\u017cliwi\u0107 Pani\/Panu robienie zakup\u00f3w w Misalti sp. z o.o. przez Internet. Zbieramy te\u017c informacje po to, aby do\u015bwiadczenia klient\u00f3w z zakup\u00f3w w Sklepie Internetowym Misalti sp. z o.o. mog\u0142y w przysz\u0142o\u015bci by\u0107 lepsze.<\/p>\n\n\n\n<p><strong>Strona internetowa<\/strong><\/p>\n\n\n\n<p>Informacje takie jak: imi\u0119 i nazwisko, adres do faktury, adres dostawy, numer telefonu oraz adres e-mailowy, mo\u017cemy zbiera\u0107 tak\u017ce poprzez Stron\u0119 internetow\u0105. Dane te podawane s\u0105 przez u\u017cytkownik\u00f3w Strony internetowej dobrowolnie w celu skorzystania z oferowanych za jej po\u015brednictwem us\u0142ug. Dane u\u017cytkownik\u00f3w przetwarzane s\u0105 tak\u017ce w celu realizacji zakup\u00f3w w Misalti sp. z o.o. przez Internet. Niepodanie okre\u015blonych danych mo\u017ce ogranicza\u0107 mo\u017cliwo\u015b\u0107 korzystania ze Strony internetowej lub okre\u015blonych us\u0142ug. Powy\u017csze dane przetwarzane s\u0105 na podstawie Pani\/Pana zgody, kt\u00f3r\u0105 mo\u017ce Pani\/Pan udzieli\u0107 poprzez zaznaczenie odpowiedniego pola na formularzu rejestracyjnym wype\u0142nianym podczas procesu rejestracji jak r\u00f3wnie\u017c ustawowego upowa\u017cnienia do przetwarzania danych niezb\u0119dnych w celu realizacji oraz rozliczenia Us\u0142ug.<\/p>\n\n\n\n<p>Pliki cookies to ma\u0142e pliki tekstowe wysy\u0142ane przez sklep internetowy i przechowywane na Pa\u0144stwa komputerze zawieraj\u0105ce pewne informacje zwi\u0105zane z korzystaniem przez Pa\u0144stwa z Witryny i Sklepu Internetowego. Wykorzystywane przez sklep internetowy pliki cookies mog\u0105 mie\u0107 charakter tymczasowy lub trwa\u0142y. Tymczasowe pliki cookies s\u0105 usuwane z chwil\u0105 zamkni\u0119cia przegl\u0105darki, natomiast sta\u0142e pliki cookies s\u0105 przechowywane tak\u017ce po zako\u0144czeniu korzystania przez Pa\u0144stwa z Witryny i s\u0142u\u017c\u0105 do przechowywania informacji takich jak Pa\u0144stwa has\u0142o czy login, co przyspiesza i u\u0142atwia korzystanie z Witryny.<\/p>\n\n\n\n<p><strong>Informacja o profilowaniu<\/strong><\/p>\n\n\n\n<p>Nie profilujemy Pani\/Pana w oparciu o dane osobowe.<\/p>\n\n\n\n<p><strong>Produkty Misalti sp. z o.o. na stronie internetowej<\/strong><\/p>\n\n\n\n<p>Produkty prezentowane na naszych stronach domenie <a href=\"http:\/\/www.sklep.misalti.com\">www.sklep.misalti.com<\/a>&nbsp;s\u0105 w wi\u0119kszo\u015bci wykonywane przez nas, cho\u0107 kilka z nich mo\u017ce by\u0107 importowana. Zastrzegamy mo\u017cliwo\u015b\u0107 ewentualnych zmian w parametrach technicznych i wzornictwie niekt\u00f3rych artyku\u0142\u00f3w i w razie konieczno\u015bci u\u017cycia surowc\u00f3w zast\u0119pczych, kt\u00f3re jednak w \u017caden spos\u00f3b nie spowoduj\u0105 zmiany, jako\u015bci i nie wp\u0142yn\u0105 znacz\u0105co na wygl\u0105d danego artyku\u0142u. Misalti sp. z o.o. zastrzega sobie prawo sprzeda\u017cy towar\u00f3w wg innych cen ni\u017c okre\u015blone w prezentowanej ofercie, w przypadku wyst\u0105pienia b\u0142\u0119d\u00f3w, zmiany stawek podatku VAT b\u0105d\u017a wprowadzenia nowych podatk\u00f3w lub innych op\u0142at.<\/p>\n\n\n\n<p><strong>Jakie prawa przys\u0142uguj\u0105 w zwi\u0105zku z danymi?<\/strong><\/p>\n\n\n\n<p>Osoby fizyczne maj\u0105 okre\u015blone prawa dotycz\u0105ce swoich danych osobowych, a Misalti sp. z o.o., jako administrator danych odpowiada za realizacj\u0119 tych praw zgodnie z obowi\u0105zuj\u0105cymi przepisami prawa.<\/p>\n\n\n\n<p>Zastrzegamy sobie prawo realizacji poni\u017cszych uprawnie\u0144 po pozytywnym zweryfikowaniu to\u017csamo\u015bci osoby ubiegaj\u0105cej si\u0119 o dokonanie danej czynno\u015bci.<\/p>\n\n\n\n<p><strong>Przys\u0142uguj\u0105 Pani\/Panu nast\u0119puj\u0105ce prawa w zwi\u0105zku z przetwarzaniem przez Nas Pa\u0144stwa danych osobowych:<\/strong><\/p>\n\n\n\n<p>\u2013 prawo dost\u0119pu do danych,<\/p>\n\n\n\n<p>\u2013 prawo \u017c\u0105dania sprostowania danych,<\/p>\n\n\n\n<p>\u2013 prawo do usuni\u0119cia danych (w okre\u015blonych sytuacjach),<\/p>\n\n\n\n<p>\u2013 prawo wniesienia skargi do organu nadzorczego zajmuj\u0105cego si\u0119 ochron\u0105 danych osobowych,<\/p>\n\n\n\n<p>\u2013 prawo do ograniczenia przetwarzania danych.<\/p>\n\n\n\n<p>Je\u017celi Pani\/Pana dane s\u0105 przetwarzane na podstawie zgody lub w ramach \u015bwiadczonej us\u0142ugi (dane s\u0105 niezb\u0119dne w celu \u015bwiadczenia us\u0142ugi) mo\u017cesz dodatkowo skorzysta\u0107 z poni\u017cszych praw:<\/p>\n\n\n\n<p>\u2013 prawo do wycofania zgody w zakresie w jakim s\u0105 przetwarzane na tej podstawie. Wycofanie zgody nie ma wp\u0142ywu na zgodno\u015b\u0107 z prawem przetwarzania, kt\u00f3rego dokonano na podstawie zgody przed jej wycofaniem.<\/p>\n\n\n\n<p>\u2013 z kolei prawo do przenoszenia danych przys\u0142uguje w\u00f3wczas, gdy przetwarzanie danych osoby odbywa si\u0119 na podstawie zgody osoby fizycznej lub umowy zawartej z ni\u0105 oraz, gdy przetwarzanie to odbywa si\u0119 w spos\u00f3b automatyczny.<\/p>\n\n\n\n<p>W celu skorzystania z powy\u017cszych praw nale\u017cy skontaktowa\u0107 si\u0119 z administratorem danych lub z inspektorem ochrony danych. Dane kontaktowe wskazane s\u0105 wy\u017cej.<\/p>\n\n\n\n<p><strong>Okres przechowywania<\/strong><\/p>\n\n\n\n<p>Dane s\u0105 przechowywane tak d\u0142ugo, jak d\u0142ugo s\u0105 potrzebne. Konieczno\u015b\u0107 przechowywania danych wynika z okres\u00f3w ustawowych. Je\u017celi przepisy prawa nie okre\u015blaj\u0105 okresu przechowywania, dane s\u0105 przechowywane do cel\u00f3w realizacji zam\u00f3wienia i fakturowania oraz jako dow\u00f3d prawid\u0142owego wykonania umowy, do wyga\u015bni\u0119cia okres\u00f3w odpowiedzialno\u015bci, a nast\u0119pnie s\u0105 usuwane.<\/p>\n\n\n\n<p>W zakresie, w jakim Pani\/Pana dane osobowe s\u0105 przez nas przetwarzane w celu udost\u0119pnienia Newslettera, b\u0119dziemy przetwarza\u0107 do momentu odpowiednio Pani\/Pana rezygnacji z konta u\u017cytkownika w Sklepie Internetowym, rezygnacji z Newslettera lub zako\u0144czenia jego wydania.<\/p>\n\n\n\n<p>W ka\u017cdym z powy\u017cszych przypadk\u00f3w podstaw\u0105 prawn\u0105 przetwarzania danych, w zasadniczym zakresie, jest niezb\u0119dno\u015b\u0107 do wykonania umowy, kt\u00f3r\u0105 zawiera Pani\/Pan z Misalti sp. z o.o., b\u0105d\u017a podj\u0119cie dzia\u0142a\u0144 zmierzaj\u0105cych do jej zawarcia (art. 6 ust. 1 lit. b RODO).<\/p>\n\n\n\n<p>Ponadto, w celu wywi\u0105zania si\u0119 z obowi\u0105zk\u00f3w na\u0142o\u017conych na nas przepisami prawa, np. przez ustaw\u0119 o rachunkowo\u015bci lub przepisy podatkowe (np. wystawianie i przechowywanie faktur oraz dokument\u00f3w ksi\u0119gowych) b\u0119dziemy r\u00f3wnie\u017c przetwarza\u0107 Pani\/Pana dane dotycz\u0105ce transakcji dokonanych w Sklepie Internetowym oraz informacje z konta u\u017cytkownika. Mo\u017cemy tak\u017ce przetwarza\u0107 Pani\/Pana dane w celu wywi\u0105zania si\u0119 przez nas z obowi\u0105zku stosowania tzw. zasady rozliczalno\u015bci, czyli obowi\u0105zku wykazania przez Misalti sp. z o.o. przestrzegania przepis\u00f3w dotycz\u0105cych ochrony danych osobowych. W przypadkach wymienionych w niniejszym akapicie podstaw\u0105 prawn\u0105 przetwarzania ww. danych jest ci\u0105\u017c\u0105cy na nas obowi\u0105zek prawny (art. 6 ust. 1 lit. c) RODO).<\/p>\n\n\n\n<p>B\u0119dziemy tak\u017ce przetwarza\u0107 nast\u0119puj\u0105ce dane w oparciu o prawnie uzasadniony interes Misalti sp. z o.o. (art. 6 ust.1 lit. f) RODO).<\/p>\n\n\n\n<p><strong>Dane osobowe Pani\/Pana Misalti sp. z o.o. mo\u017ce udost\u0119pnia\u0107:<\/strong><\/p>\n\n\n\n<p>a) operatorom pocztowym oraz firmom kurierskim w celu kierowania do r\u0105k Pani\/Pana przesy\u0142ek wysy\u0142anych w wykonaniu Transakcji lub w zwi\u0105zku z jej zawarciem, wykonaniem lub zako\u0144czeniem,<br>b) doradcom prawnym oraz firmom windykacyjnym w celu dochodzenia roszcze\u0144 na gruncie transakcji,<br>c) podmiotom \u015bwiadcz\u0105cym na rzecz Sp\u00f3\u0142ki us\u0142ugi informatyczne opieki nad systemami informatycznymi, w kt\u00f3rych zapisywane s\u0105 Pani\/Pana dane osobowe.<br>d) audytorom i bieg\u0142ym rewidentom, doradc\u0105 prawnym, doradc\u0105 podatkowym.<br>e) organom nadzoruj\u0105cym przestrzeganie prawa, organy regulacyjne i inne organy administracji publicznej.<br>(przy czym w dw\u00f3ch ostatnich przypadkach dane przekazujemy tylko w\u00f3wczas i tylko w takim zakresie, w jakim jest to rzeczywi\u015bcie niezb\u0119dne i wymagane w my\u015bl bezwzgl\u0119dnie obowi\u0105zuj\u0105cych przepis\u00f3w prawa i w spos\u00f3b zgodny z tymi przepisami).<\/p>\n\n\n\n<p>&nbsp;Nie b\u0119dziemy przekazywa\u0107 Pani \/Pana danych do pa\u0144stw trzecich (tj. poza Europejski Obszar Gospodarczy).<\/p>\n\n\n\n<p><strong>Postanowienia ko\u0144cowe<\/strong><\/p>\n\n\n\n<p>Zobowi\u0105zujemy si\u0119 do regularnego przegl\u0105du niniejszej Polityki Prywatno\u015bci i jej zmiany w sytuacji, gdy oka\u017ce si\u0119 to niezb\u0119dne lub po\u017c\u0105dane z uwagi na: nowe przepisy prawa, nowe wytyczne organ\u00f3w odpowiedzialnych za nadz\u00f3r nad procesami ochrony danych osobowych, najlepsze praktyki stosowane w obszarze ochrony danych osobowych.<\/p>\n","protected":false},"excerpt":{"rendered":"<p>Misalti sp. z o.o. Polityka prywatno\u015bci spe\u0142nia wymogi wynikaj\u0105ce z Rozporz\u0105dzenia Parlamentu Europejskiego i Rady (UE) 2016\/679 z 27 kwietnia 2016 roku w sprawie ochrony os\u00f3b fizycznych w zwi\u0105zku z przetwarzaniem danych osobowych i w sprawie swobodnego przep\u0142ywu takich danych oraz uchylenia dyrektywy 95\/46\/WE (og\u00f3lne rozporz\u0105dzenie o ochronie danych), zwane RODO. Administrator Administratorem danych osobowych, [&hellip;]<\/p>\n","protected":false},"author":1,"featured_media":0,"parent":0,"menu_order":0,"comment_status":"closed","ping_status":"closed","template":"","meta":{"footnotes":""},"class_list":["post-184","page","type-page","status-publish","hentry"],"blocksy_meta":[],"jetpack_sharing_enabled":true,"_links":{"self":[{"href":"https:\/\/sklep.misalti.com\/index.php\/wp-json\/wp\/v2\/pages\/184","targetHints":{"allow":["GET"]}}],"collection":[{"href":"https:\/\/sklep.misalti.com\/index.php\/wp-json\/wp\/v2\/pages"}],"about":[{"href":"https:\/\/sklep.misalti.com\/index.php\/wp-json\/wp\/v2\/types\/page"}],"author":[{"embeddable":true,"href":"https:\/\/sklep.misalti.com\/index.php\/wp-json\/wp\/v2\/users\/1"}],"replies":[{"embeddable":true,"href":"https:\/\/sklep.misalti.com\/index.php\/wp-json\/wp\/v2\/comments?post=184"}],"version-history":[{"count":8,"href":"https:\/\/sklep.misalti.com\/index.php\/wp-json\/wp\/v2\/pages\/184\/revisions"}],"predecessor-version":[{"id":332,"href":"https:\/\/sklep.misalti.com\/index.php\/wp-json\/wp\/v2\/pages\/184\/revisions\/332"}],"wp:attachment":[{"href":"https:\/\/sklep.misalti.com\/index.php\/wp-json\/wp\/v2\/media?parent=184"}],"curies":[{"name":"wp","href":"https:\/\/api.w.org\/{rel}","templated":true}]}}